{"id":389,"date":"2024-10-08T12:15:15","date_gmt":"2024-10-08T10:15:15","guid":{"rendered":"https:\/\/gite-melody.fr\/?page_id=389"},"modified":"2026-01-06T22:57:20","modified_gmt":"2026-01-06T21:57:20","slug":"nos-prix","status":"publish","type":"page","link":"https:\/\/gite-melody.fr\/index.php\/nos-prix\/","title":{"rendered":"NOS PRIX"},"content":{"rendered":"\n<blockquote class=\"wp-block-quote is-layout-flow wp-block-quote-is-layout-flow\">\n<figure class=\"wp-block-image size-full\"><img loading=\"lazy\" decoding=\"async\" width=\"964\" height=\"449\" src=\"https:\/\/gite-melody.fr\/wp-content\/uploads\/2024\/10\/condition-de-reservation.png\" alt=\"\" class=\"wp-image-392\" srcset=\"https:\/\/gite-melody.fr\/wp-content\/uploads\/2024\/10\/condition-de-reservation.png 964w, https:\/\/gite-melody.fr\/wp-content\/uploads\/2024\/10\/condition-de-reservation-300x140.png 300w, https:\/\/gite-melody.fr\/wp-content\/uploads\/2024\/10\/condition-de-reservation-768x358.png 768w\" sizes=\"auto, (max-width: 964px) 100vw, 964px\" \/><\/figure>\n<\/blockquote>\n\n\n\n<div class=\"wp-block-group\"><div class=\"wp-block-group__inner-container is-layout-constrained wp-block-group-is-layout-constrained\">\n<div class=\"wp-block-group\"><div class=\"wp-block-group__inner-container is-layout-constrained wp-block-group-is-layout-constrained\">\n<figure class=\"wp-block-table aligncenter is-style-regular\"><table class=\"has-fixed-layout\"><tbody><tr><td><strong>Location 1 Semaine<\/strong><\/td><td>315 \u20ac<\/td><\/tr><tr><td><strong>Location 3 Semaines<\/strong><\/td><td>850 \u20ac<\/td><\/tr><tr><td><strong>Location 1 mois<\/strong><\/td><td>1008 \u20ac<\/td><\/tr><\/tbody><\/table><\/figure>\n<\/div><\/div>\n<\/div><\/div>\n\n\n\n<div class=\"wp-block-group is-vertical is-layout-flex wp-container-core-group-is-layout-8cf370e7 wp-block-group-is-layout-flex\">\n<p>Prix de la nuit : 45 \u20ac<\/p>\n\n\n\n<p>Pour 3 semaines, <strong>r\u00e9duction<\/strong> de 10 %<\/p>\n\n\n\n<p>Pour 1 mois, <strong>r\u00e9duction<\/strong> de 20 %<\/p>\n\n\n\n<p><strong><em>Le prix affich\u00e9, tient compte du calcul <\/em><\/strong><\/p>\n<\/div>\n\n\n\n<p><\/p>\n","protected":false},"excerpt":{"rendered":"<p>Location 1 Semaine 315 \u20ac Location 3 Semaines 850 \u20ac Location 1 mois 1008 \u20ac Prix de la nuit : 45 \u20ac Pour 3 semaines, r\u00e9duction de 10 % Pour 1 mois, r\u00e9duction de 20 % Le prix affich\u00e9, tient compte du calcul<\/p>\n","protected":false},"author":1,"featured_media":0,"parent":0,"menu_order":0,"comment_status":"closed","ping_status":"closed","template":"","meta":{"footnotes":""},"class_list":["post-389","page","type-page","status-publish","hentry"],"_links":{"self":[{"href":"https:\/\/gite-melody.fr\/index.php\/wp-json\/wp\/v2\/pages\/389","targetHints":{"allow":["GET"]}}],"collection":[{"href":"https:\/\/gite-melody.fr\/index.php\/wp-json\/wp\/v2\/pages"}],"about":[{"href":"https:\/\/gite-melody.fr\/index.php\/wp-json\/wp\/v2\/types\/page"}],"author":[{"embeddable":true,"href":"https:\/\/gite-melody.fr\/index.php\/wp-json\/wp\/v2\/users\/1"}],"replies":[{"embeddable":true,"href":"https:\/\/gite-melody.fr\/index.php\/wp-json\/wp\/v2\/comments?post=389"}],"version-history":[{"count":7,"href":"https:\/\/gite-melody.fr\/index.php\/wp-json\/wp\/v2\/pages\/389\/revisions"}],"predecessor-version":[{"id":452,"href":"https:\/\/gite-melody.fr\/index.php\/wp-json\/wp\/v2\/pages\/389\/revisions\/452"}],"wp:attachment":[{"href":"https:\/\/gite-melody.fr\/index.php\/wp-json\/wp\/v2\/media?parent=389"}],"curies":[{"name":"wp","href":"https:\/\/api.w.org\/{rel}","templated":true}]}}