{"id":235,"date":"2024-10-01T20:16:48","date_gmt":"2024-10-01T18:16:48","guid":{"rendered":"https:\/\/gite-melody.fr\/?page_id=235"},"modified":"2024-10-09T17:27:36","modified_gmt":"2024-10-09T15:27:36","slug":"calendrier-des-reservations","status":"publish","type":"page","link":"https:\/\/gite-melody.fr\/index.php\/calendrier-des-reservations\/","title":{"rendered":"CALENDRIER"},"content":{"rendered":"<p><iframe loading=\"lazy\" src=\"https:\/\/www.cybevasion.fr\/annonces_planning.php?id_annonce=70595&#038;id_structure=96275&#038;langue=fr&#038;transparent\" name=\"planning\" width=\"900\" height=\"1000\" frameborder=\"0\"><\/iframe><\/p>\n\n\n\n<p><strong>Pour r\u00e9server, nous vous invitons, soit \u00e0 nous t\u00e9l\u00e9phoner, \u00e0 nous \u00e9crire, possibilit\u00e9s de r\u00e9server instantan\u00e9ment par <a href=\"https:\/\/www.airbnb.fr\/rooms\/49461988?adults=1&amp;search_mode=regular_search&amp;check_in=2024-12-11&amp;check_out=2024-12-14&amp;source_impression_id=p3_1728332790_P35cHlq3in-1uTnM&amp;previous_page_section_name=1000&amp;federated_search_id=a7601bac-3cb9-4779-95a1-e4f247c54b02\">AIRBNB.<\/a><\/strong> ou sur <a href=\"https:\/\/www.gites.fr\/gites_gite-melody---f2-tout-confort-climatise-le-calme-assure_riviere-saas-et-gourby_70595.htm\">gites.fr<\/a><\/p>\n\n\n\n<blockquote class=\"wp-block-quote is-layout-flow wp-block-quote-is-layout-flow\">\n<p><strong><em>NOTRE MAIL: gite-melody@hotmail.com<\/em><\/strong><\/p>\n\n\n\n<p><strong><em>NOTRE ADRESSE:<\/em><\/strong>                        <\/p>\n\n\n\n<p>Gite-Melody<\/p>\n\n\n\n<p>311, route de houssat<\/p>\n\n\n\n<p>40180 RIVIERE SAAS ET GOURBY<\/p>\n\n\n\n<p><strong><em>T\u00e9l\u00e9phone:<\/em><\/strong> 06.79.12.24.11<\/p>\n\n\n\n<p><strong><mark style=\"background-color:rgba(0, 0, 0, 0)\" class=\"has-inline-color has-vivid-red-color\">OUVERT TOUTE L&rsquo;ANNEE<\/mark><\/strong><\/p>\n<\/blockquote>\n\n\n\n<p><\/p>\n","protected":false},"excerpt":{"rendered":"<p>Pour r\u00e9server, nous vous invitons, soit \u00e0 nous t\u00e9l\u00e9phoner, \u00e0 nous \u00e9crire, possibilit\u00e9s de r\u00e9server instantan\u00e9ment par AIRBNB. ou sur gites.fr NOTRE MAIL: gite-melody@hotmail.com NOTRE ADRESSE: Gite-Melody 311, route de houssat 40180 RIVIERE SAAS ET GOURBY T\u00e9l\u00e9phone: 06.79.12.24.11 OUVERT TOUTE L&rsquo;ANNEE<\/p>\n","protected":false},"author":1,"featured_media":0,"parent":0,"menu_order":0,"comment_status":"closed","ping_status":"closed","template":"","meta":{"footnotes":""},"class_list":["post-235","page","type-page","status-publish","hentry"],"_links":{"self":[{"href":"https:\/\/gite-melody.fr\/index.php\/wp-json\/wp\/v2\/pages\/235","targetHints":{"allow":["GET"]}}],"collection":[{"href":"https:\/\/gite-melody.fr\/index.php\/wp-json\/wp\/v2\/pages"}],"about":[{"href":"https:\/\/gite-melody.fr\/index.php\/wp-json\/wp\/v2\/types\/page"}],"author":[{"embeddable":true,"href":"https:\/\/gite-melody.fr\/index.php\/wp-json\/wp\/v2\/users\/1"}],"replies":[{"embeddable":true,"href":"https:\/\/gite-melody.fr\/index.php\/wp-json\/wp\/v2\/comments?post=235"}],"version-history":[{"count":24,"href":"https:\/\/gite-melody.fr\/index.php\/wp-json\/wp\/v2\/pages\/235\/revisions"}],"predecessor-version":[{"id":410,"href":"https:\/\/gite-melody.fr\/index.php\/wp-json\/wp\/v2\/pages\/235\/revisions\/410"}],"wp:attachment":[{"href":"https:\/\/gite-melody.fr\/index.php\/wp-json\/wp\/v2\/media?parent=235"}],"curies":[{"name":"wp","href":"https:\/\/api.w.org\/{rel}","templated":true}]}}